{"id":204,"date":"2024-12-23T08:48:02","date_gmt":"2024-12-23T08:48:02","guid":{"rendered":"https:\/\/alphym.lu\/?page_id=204"},"modified":"2024-12-23T13:19:46","modified_gmt":"2024-12-23T13:19:46","slug":"home","status":"publish","type":"page","link":"https:\/\/alphym.lu\/","title":{"rendered":"Home"},"content":{"rendered":"\t\t<div data-elementor-type=\"wp-page\" data-elementor-id=\"204\" class=\"elementor elementor-204\">\n\t\t\t\t<div class=\"elementor-element elementor-element-30edc30 e-flex e-con-boxed e-con e-parent\" data-id=\"30edc30\" data-element_type=\"container\">\n\t\t\t\t\t<div class=\"e-con-inner\">\n\t\t\t\t<div class=\"elementor-element elementor-element-4216aea elementor-icon-list--layout-inline elementor-list-item-link-full_width elementor-widget elementor-widget-icon-list\" data-id=\"4216aea\" data-element_type=\"widget\" data-widget_type=\"icon-list.default\">\n\t\t\t\t\t\t\t<ul class=\"elementor-icon-list-items elementor-inline-items\">\n\t\t\t\t\t\t\t<li class=\"elementor-icon-list-item elementor-inline-item\">\n\t\t\t\t\t\t\t\t\t\t\t<a href=\"https:\/\/alphym.lu\/\">\n\n\t\t\t\t\t\t\t\t\t\t\t\t<span class=\"elementor-icon-list-icon\">\n\t\t\t\t\t\t\t<svg aria-hidden=\"true\" class=\"e-font-icon-svg e-fas-home\" viewBox=\"0 0 576 512\" xmlns=\"http:\/\/www.w3.org\/2000\/svg\"><path d=\"M280.37 148.26L96 300.11V464a16 16 0 0 0 16 16l112.06-.29a16 16 0 0 0 15.92-16V368a16 16 0 0 1 16-16h64a16 16 0 0 1 16 16v95.64a16 16 0 0 0 16 16.05L464 480a16 16 0 0 0 16-16V300L295.67 148.26a12.19 12.19 0 0 0-15.3 0zM571.6 251.47L488 182.56V44.05a12 12 0 0 0-12-12h-56a12 12 0 0 0-12 12v72.61L318.47 43a48 48 0 0 0-61 0L4.34 251.47a12 12 0 0 0-1.6 16.9l25.5 31A12 12 0 0 0 45.15 301l235.22-193.74a12.19 12.19 0 0 1 15.3 0L530.9 301a12 12 0 0 0 16.9-1.6l25.5-31a12 12 0 0 0-1.7-16.93z\"><\/path><\/svg>\t\t\t\t\t\t<\/span>\n\t\t\t\t\t\t\t\t\t\t<span class=\"elementor-icon-list-text\">Home<\/span>\n\t\t\t\t\t\t\t\t\t\t\t<\/a>\n\t\t\t\t\t\t\t\t\t<\/li>\n\t\t\t\t\t\t\t\t<li class=\"elementor-icon-list-item elementor-inline-item\">\n\t\t\t\t\t\t\t\t\t\t\t<a href=\"https:\/\/alphym.lu\/?page_id=192\">\n\n\t\t\t\t\t\t\t\t\t\t\t\t<span class=\"elementor-icon-list-icon\">\n\t\t\t\t\t\t\t<svg aria-hidden=\"true\" class=\"e-font-icon-svg e-far-arrow-alt-circle-right\" viewBox=\"0 0 512 512\" xmlns=\"http:\/\/www.w3.org\/2000\/svg\"><path d=\"M504 256C504 119 393 8 256 8S8 119 8 256s111 248 248 248 248-111 248-248zm-448 0c0-110.5 89.5-200 200-200s200 89.5 200 200-89.5 200-200 200S56 366.5 56 256zm72 20v-40c0-6.6 5.4-12 12-12h116v-67c0-10.7 12.9-16 20.5-8.5l99 99c4.7 4.7 4.7 12.3 0 17l-99 99c-7.6 7.6-20.5 2.2-20.5-8.5v-67H140c-6.6 0-12-5.4-12-12z\"><\/path><\/svg>\t\t\t\t\t\t<\/span>\n\t\t\t\t\t\t\t\t\t\t<span class=\"elementor-icon-list-text\">Conseil d'administration<\/span>\n\t\t\t\t\t\t\t\t\t\t\t<\/a>\n\t\t\t\t\t\t\t\t\t<\/li>\n\t\t\t\t\t\t\t\t<li class=\"elementor-icon-list-item elementor-inline-item\">\n\t\t\t\t\t\t\t\t\t\t\t<a href=\"https:\/\/alphym.lu\/?page_id=356\">\n\n\t\t\t\t\t\t\t\t\t\t\t\t<span class=\"elementor-icon-list-icon\">\n\t\t\t\t\t\t\t<svg aria-hidden=\"true\" class=\"e-font-icon-svg e-far-arrow-alt-circle-right\" viewBox=\"0 0 512 512\" xmlns=\"http:\/\/www.w3.org\/2000\/svg\"><path d=\"M504 256C504 119 393 8 256 8S8 119 8 256s111 248 248 248 248-111 248-248zm-448 0c0-110.5 89.5-200 200-200s200 89.5 200 200-89.5 200-200 200S56 366.5 56 256zm72 20v-40c0-6.6 5.4-12 12-12h116v-67c0-10.7 12.9-16 20.5-8.5l99 99c4.7 4.7 4.7 12.3 0 17l-99 99c-7.6 7.6-20.5 2.2-20.5-8.5v-67H140c-6.6 0-12-5.4-12-12z\"><\/path><\/svg>\t\t\t\t\t\t<\/span>\n\t\t\t\t\t\t\t\t\t\t<span class=\"elementor-icon-list-text\">Liens<\/span>\n\t\t\t\t\t\t\t\t\t\t\t<\/a>\n\t\t\t\t\t\t\t\t\t<\/li>\n\t\t\t\t\t\t\t\t<li class=\"elementor-icon-list-item elementor-inline-item\">\n\t\t\t\t\t\t\t\t\t\t\t<a href=\"https:\/\/alphym.lu\/?page_id=174\">\n\n\t\t\t\t\t\t\t\t\t\t\t\t<span class=\"elementor-icon-list-icon\">\n\t\t\t\t\t\t\t<svg aria-hidden=\"true\" class=\"e-font-icon-svg e-far-arrow-alt-circle-right\" viewBox=\"0 0 512 512\" xmlns=\"http:\/\/www.w3.org\/2000\/svg\"><path d=\"M504 256C504 119 393 8 256 8S8 119 8 256s111 248 248 248 248-111 248-248zm-448 0c0-110.5 89.5-200 200-200s200 89.5 200 200-89.5 200-200 200S56 366.5 56 256zm72 20v-40c0-6.6 5.4-12 12-12h116v-67c0-10.7 12.9-16 20.5-8.5l99 99c4.7 4.7 4.7 12.3 0 17l-99 99c-7.6 7.6-20.5 2.2-20.5-8.5v-67H140c-6.6 0-12-5.4-12-12z\"><\/path><\/svg>\t\t\t\t\t\t<\/span>\n\t\t\t\t\t\t\t\t\t\t<span class=\"elementor-icon-list-text\">Contact<\/span>\n\t\t\t\t\t\t\t\t\t\t\t<\/a>\n\t\t\t\t\t\t\t\t\t<\/li>\n\t\t\t\t\t\t<\/ul>\n\t\t\t\t\t\t<\/div>\n\t\t<div class=\"elementor-element elementor-element-3bff88f e-con-full e-flex e-con e-child\" data-id=\"3bff88f\" data-element_type=\"container\">\n\t\t\t\t<div class=\"elementor-element elementor-element-7346ab5 elementor-widget elementor-widget-text-editor\" data-id=\"7346ab5\" data-element_type=\"widget\" data-widget_type=\"text-editor.default\">\n\t\t\t\t\t\t\t\t\t<p>Bienvenue \u00e0 l&rsquo;Association Luxembourgeoise de Physique M\u00e9dicale &#8211; ALPhyM<\/p>\t\t\t\t\t\t\t\t<\/div>\n\t\t\t\t<div class=\"elementor-element elementor-element-eeb2a4e elementor-widget-divider--view-line elementor-widget elementor-widget-divider\" data-id=\"eeb2a4e\" data-element_type=\"widget\" data-widget_type=\"divider.default\">\n\t\t\t\t\t\t\t<div class=\"elementor-divider\">\n\t\t\t<span class=\"elementor-divider-separator\">\n\t\t\t\t\t\t<\/span>\n\t\t<\/div>\n\t\t\t\t\t\t<\/div>\n\t\t\t\t<\/div>\n\t\t\t\t\t<\/div>\n\t\t\t\t<\/div>\n\t\t<div class=\"elementor-element elementor-element-6b82042 e-grid e-con-boxed e-con e-parent\" data-id=\"6b82042\" data-element_type=\"container\">\n\t\t\t\t\t<div class=\"e-con-inner\">\n\t\t\t\t<div class=\"elementor-element elementor-element-0d51734 elementor-widget elementor-widget-image\" data-id=\"0d51734\" data-element_type=\"widget\" data-widget_type=\"image.default\">\n\t\t\t\t\t\t\t\t\t\t\t\t\t\t\t<img fetchpriority=\"high\" decoding=\"async\" width=\"458\" height=\"531\" src=\"https:\/\/alphym.lu\/wp-content\/uploads\/2024\/12\/gelle-fra-alaune-lmih-sabino-parente-2.jpg\" class=\"attachment-large size-large wp-image-503\" alt=\"\" srcset=\"https:\/\/alphym.lu\/wp-content\/uploads\/2024\/12\/gelle-fra-alaune-lmih-sabino-parente-2.jpg 458w, https:\/\/alphym.lu\/wp-content\/uploads\/2024\/12\/gelle-fra-alaune-lmih-sabino-parente-2-259x300.jpg 259w\" sizes=\"(max-width: 458px) 100vw, 458px\" \/>\t\t\t\t\t\t\t\t\t\t\t\t\t\t\t<\/div>\n\t\t\t\t<div class=\"elementor-element elementor-element-74a5be5 elementor-widget elementor-widget-image\" data-id=\"74a5be5\" data-element_type=\"widget\" data-widget_type=\"image.default\">\n\t\t\t\t\t\t\t\t\t\t\t\t\t\t\t<img decoding=\"async\" width=\"464\" height=\"538\" src=\"https:\/\/alphym.lu\/wp-content\/uploads\/2024\/12\/istockphoto-1369513916-612x612-1.jpg\" class=\"attachment-large size-large wp-image-448\" alt=\"\" srcset=\"https:\/\/alphym.lu\/wp-content\/uploads\/2024\/12\/istockphoto-1369513916-612x612-1.jpg 464w, https:\/\/alphym.lu\/wp-content\/uploads\/2024\/12\/istockphoto-1369513916-612x612-1-259x300.jpg 259w\" sizes=\"(max-width: 464px) 100vw, 464px\" \/>\t\t\t\t\t\t\t\t\t\t\t\t\t\t\t<\/div>\n\t\t\t\t<div class=\"elementor-element elementor-element-6877ff1 elementor-widget elementor-widget-text-editor\" data-id=\"6877ff1\" data-element_type=\"widget\" data-widget_type=\"text-editor.default\">\n\t\t\t\t\t\t\t\t\t<p>\u00a0<\/p><p><img decoding=\"async\" class=\"alignnone size-full wp-image-63\" src=\"https:\/\/alphym.lu\/wp-content\/uploads\/2024\/12\/Logo-ALPHYM.png\" alt=\"\" width=\"403\" height=\"145\" \/><\/p><p><em><strong>F\u00e9d\u00e9ration des H\u00f4pitaux <\/strong><\/em><em><strong>Luxembourgeois<\/strong><\/em><br \/><em><strong>5, rue des M\u00e9rovingiens<\/strong><\/em><br \/><em><strong>Z.A. Bourmicht<\/strong><\/em><br \/><em><strong>L-8070 Bertrange<\/strong><\/em><\/p><p><em><strong>web@alphym.lu<\/strong><\/em><\/p>\t\t\t\t\t\t\t\t<\/div>\n\t\t\t\t\t<\/div>\n\t\t\t\t<\/div>\n\t\t\t\t<\/div>\n\t\t","protected":false},"excerpt":{"rendered":"<p>Home Conseil d&rsquo;administration Liens Contact Bienvenue \u00e0 l&rsquo;Association Luxembourgeoise de Physique M\u00e9dicale &#8211; ALPhyM \u00a0 F\u00e9d\u00e9ration des H\u00f4pitaux Luxembourgeois5, rue des M\u00e9rovingiensZ.A. BourmichtL-8070 Bertrange web@alphym.lu<\/p>\n","protected":false},"author":1,"featured_media":0,"parent":0,"menu_order":0,"comment_status":"closed","ping_status":"closed","template":"elementor_header_footer","meta":{"footnotes":""},"class_list":["post-204","page","type-page","status-publish","hentry"],"yoast_head":"<!-- This site is optimized with the Yoast SEO plugin v24.1 - https:\/\/yoast.com\/wordpress\/plugins\/seo\/ -->\n<title>Home - ALPhyM<\/title>\n<meta name=\"robots\" content=\"index, follow, max-snippet:-1, max-image-preview:large, max-video-preview:-1\" \/>\n<link rel=\"canonical\" href=\"https:\/\/alphym.lu\/\" \/>\n<meta property=\"og:locale\" content=\"fr_FR\" \/>\n<meta property=\"og:type\" content=\"article\" \/>\n<meta property=\"og:title\" content=\"Home - ALPhyM\" \/>\n<meta property=\"og:description\" content=\"Home Conseil d&rsquo;administration Liens Contact Bienvenue \u00e0 l&rsquo;Association Luxembourgeoise de Physique M\u00e9dicale &#8211; ALPhyM \u00a0 F\u00e9d\u00e9ration des H\u00f4pitaux Luxembourgeois5, rue des M\u00e9rovingiensZ.A. BourmichtL-8070 Bertrange web@alphym.lu\" \/>\n<meta property=\"og:url\" content=\"https:\/\/alphym.lu\/\" \/>\n<meta property=\"og:site_name\" content=\"ALPhyM\" \/>\n<meta property=\"article:modified_time\" content=\"2024-12-23T13:19:46+00:00\" \/>\n<meta property=\"og:image\" content=\"https:\/\/alphym.lu\/wp-content\/uploads\/2024\/12\/gelle-fra-alaune-lmih-sabino-parente-2.jpg\" \/>\n<meta name=\"twitter:card\" content=\"summary_large_image\" \/>\n<script type=\"application\/ld+json\" class=\"yoast-schema-graph\">{\"@context\":\"https:\/\/schema.org\",\"@graph\":[{\"@type\":\"WebPage\",\"@id\":\"https:\/\/alphym.lu\/\",\"url\":\"https:\/\/alphym.lu\/\",\"name\":\"Home - ALPhyM\",\"isPartOf\":{\"@id\":\"https:\/\/alphym.lu\/#website\"},\"primaryImageOfPage\":{\"@id\":\"https:\/\/alphym.lu\/#primaryimage\"},\"image\":{\"@id\":\"https:\/\/alphym.lu\/#primaryimage\"},\"thumbnailUrl\":\"https:\/\/alphym.lu\/wp-content\/uploads\/2024\/12\/gelle-fra-alaune-lmih-sabino-parente-2.jpg\",\"datePublished\":\"2024-12-23T08:48:02+00:00\",\"dateModified\":\"2024-12-23T13:19:46+00:00\",\"breadcrumb\":{\"@id\":\"https:\/\/alphym.lu\/#breadcrumb\"},\"inLanguage\":\"fr-FR\",\"potentialAction\":[{\"@type\":\"ReadAction\",\"target\":[\"https:\/\/alphym.lu\/\"]}]},{\"@type\":\"ImageObject\",\"inLanguage\":\"fr-FR\",\"@id\":\"https:\/\/alphym.lu\/#primaryimage\",\"url\":\"https:\/\/alphym.lu\/wp-content\/uploads\/2024\/12\/gelle-fra-alaune-lmih-sabino-parente-2.jpg\",\"contentUrl\":\"https:\/\/alphym.lu\/wp-content\/uploads\/2024\/12\/gelle-fra-alaune-lmih-sabino-parente-2.jpg\",\"width\":458,\"height\":531,\"caption\":\"G\u00eblle Fra\"},{\"@type\":\"BreadcrumbList\",\"@id\":\"https:\/\/alphym.lu\/#breadcrumb\",\"itemListElement\":[{\"@type\":\"ListItem\",\"position\":1,\"name\":\"Accueil\",\"item\":\"https:\/\/alphym.lu\/\"},{\"@type\":\"ListItem\",\"position\":2,\"name\":\"Home\"}]},{\"@type\":\"WebSite\",\"@id\":\"https:\/\/alphym.lu\/#website\",\"url\":\"https:\/\/alphym.lu\/\",\"name\":\"ALPhyM\",\"description\":\"\",\"publisher\":{\"@id\":\"https:\/\/alphym.lu\/#organization\"},\"potentialAction\":[{\"@type\":\"SearchAction\",\"target\":{\"@type\":\"EntryPoint\",\"urlTemplate\":\"https:\/\/alphym.lu\/?s={search_term_string}\"},\"query-input\":{\"@type\":\"PropertyValueSpecification\",\"valueRequired\":true,\"valueName\":\"search_term_string\"}}],\"inLanguage\":\"fr-FR\"},{\"@type\":\"Organization\",\"@id\":\"https:\/\/alphym.lu\/#organization\",\"name\":\"ALPhyM\",\"url\":\"https:\/\/alphym.lu\/\",\"logo\":{\"@type\":\"ImageObject\",\"inLanguage\":\"fr-FR\",\"@id\":\"https:\/\/alphym.lu\/#\/schema\/logo\/image\/\",\"url\":\"https:\/\/alphym.lu\/wp-content\/uploads\/2024\/12\/Logo-ALPHYM.png\",\"contentUrl\":\"https:\/\/alphym.lu\/wp-content\/uploads\/2024\/12\/Logo-ALPHYM.png\",\"width\":403,\"height\":145,\"caption\":\"ALPhyM\"},\"image\":{\"@id\":\"https:\/\/alphym.lu\/#\/schema\/logo\/image\/\"}}]}<\/script>\n<!-- \/ Yoast SEO plugin. -->","yoast_head_json":{"title":"Home - ALPhyM","robots":{"index":"index","follow":"follow","max-snippet":"max-snippet:-1","max-image-preview":"max-image-preview:large","max-video-preview":"max-video-preview:-1"},"canonical":"https:\/\/alphym.lu\/","og_locale":"fr_FR","og_type":"article","og_title":"Home - ALPhyM","og_description":"Home Conseil d&rsquo;administration Liens Contact Bienvenue \u00e0 l&rsquo;Association Luxembourgeoise de Physique M\u00e9dicale &#8211; ALPhyM \u00a0 F\u00e9d\u00e9ration des H\u00f4pitaux Luxembourgeois5, rue des M\u00e9rovingiensZ.A. BourmichtL-8070 Bertrange web@alphym.lu","og_url":"https:\/\/alphym.lu\/","og_site_name":"ALPhyM","article_modified_time":"2024-12-23T13:19:46+00:00","og_image":[{"url":"https:\/\/alphym.lu\/wp-content\/uploads\/2024\/12\/gelle-fra-alaune-lmih-sabino-parente-2.jpg","type":"","width":"","height":""}],"twitter_card":"summary_large_image","schema":{"@context":"https:\/\/schema.org","@graph":[{"@type":"WebPage","@id":"https:\/\/alphym.lu\/","url":"https:\/\/alphym.lu\/","name":"Home - ALPhyM","isPartOf":{"@id":"https:\/\/alphym.lu\/#website"},"primaryImageOfPage":{"@id":"https:\/\/alphym.lu\/#primaryimage"},"image":{"@id":"https:\/\/alphym.lu\/#primaryimage"},"thumbnailUrl":"https:\/\/alphym.lu\/wp-content\/uploads\/2024\/12\/gelle-fra-alaune-lmih-sabino-parente-2.jpg","datePublished":"2024-12-23T08:48:02+00:00","dateModified":"2024-12-23T13:19:46+00:00","breadcrumb":{"@id":"https:\/\/alphym.lu\/#breadcrumb"},"inLanguage":"fr-FR","potentialAction":[{"@type":"ReadAction","target":["https:\/\/alphym.lu\/"]}]},{"@type":"ImageObject","inLanguage":"fr-FR","@id":"https:\/\/alphym.lu\/#primaryimage","url":"https:\/\/alphym.lu\/wp-content\/uploads\/2024\/12\/gelle-fra-alaune-lmih-sabino-parente-2.jpg","contentUrl":"https:\/\/alphym.lu\/wp-content\/uploads\/2024\/12\/gelle-fra-alaune-lmih-sabino-parente-2.jpg","width":458,"height":531,"caption":"G\u00eblle Fra"},{"@type":"BreadcrumbList","@id":"https:\/\/alphym.lu\/#breadcrumb","itemListElement":[{"@type":"ListItem","position":1,"name":"Accueil","item":"https:\/\/alphym.lu\/"},{"@type":"ListItem","position":2,"name":"Home"}]},{"@type":"WebSite","@id":"https:\/\/alphym.lu\/#website","url":"https:\/\/alphym.lu\/","name":"ALPhyM","description":"","publisher":{"@id":"https:\/\/alphym.lu\/#organization"},"potentialAction":[{"@type":"SearchAction","target":{"@type":"EntryPoint","urlTemplate":"https:\/\/alphym.lu\/?s={search_term_string}"},"query-input":{"@type":"PropertyValueSpecification","valueRequired":true,"valueName":"search_term_string"}}],"inLanguage":"fr-FR"},{"@type":"Organization","@id":"https:\/\/alphym.lu\/#organization","name":"ALPhyM","url":"https:\/\/alphym.lu\/","logo":{"@type":"ImageObject","inLanguage":"fr-FR","@id":"https:\/\/alphym.lu\/#\/schema\/logo\/image\/","url":"https:\/\/alphym.lu\/wp-content\/uploads\/2024\/12\/Logo-ALPHYM.png","contentUrl":"https:\/\/alphym.lu\/wp-content\/uploads\/2024\/12\/Logo-ALPHYM.png","width":403,"height":145,"caption":"ALPhyM"},"image":{"@id":"https:\/\/alphym.lu\/#\/schema\/logo\/image\/"}}]}},"_links":{"self":[{"href":"https:\/\/alphym.lu\/index.php?rest_route=\/wp\/v2\/pages\/204","targetHints":{"allow":["GET"]}}],"collection":[{"href":"https:\/\/alphym.lu\/index.php?rest_route=\/wp\/v2\/pages"}],"about":[{"href":"https:\/\/alphym.lu\/index.php?rest_route=\/wp\/v2\/types\/page"}],"author":[{"embeddable":true,"href":"https:\/\/alphym.lu\/index.php?rest_route=\/wp\/v2\/users\/1"}],"replies":[{"embeddable":true,"href":"https:\/\/alphym.lu\/index.php?rest_route=%2Fwp%2Fv2%2Fcomments&post=204"}],"version-history":[{"count":151,"href":"https:\/\/alphym.lu\/index.php?rest_route=\/wp\/v2\/pages\/204\/revisions"}],"predecessor-version":[{"id":506,"href":"https:\/\/alphym.lu\/index.php?rest_route=\/wp\/v2\/pages\/204\/revisions\/506"}],"wp:attachment":[{"href":"https:\/\/alphym.lu\/index.php?rest_route=%2Fwp%2Fv2%2Fmedia&parent=204"}],"curies":[{"name":"wp","href":"https:\/\/api.w.org\/{rel}","templated":true}]}}